{"id":213693,"date":"2023-10-06T19:24:13","date_gmt":"2023-10-06T19:24:13","guid":{"rendered":"https:\/\/calypsolegal.com\/?page_id=213693"},"modified":"2023-12-11T09:00:34","modified_gmt":"2023-12-11T08:00:34","slug":"213693-2","status":"publish","type":"page","link":"https:\/\/calypsolegal.com\/index.php\/213693-2\/","title":{"rendered":"COFIDIS Y CETELEM DEMANDADOS (GPT-3.5 Turbo16K)"},"content":{"rendered":"\n<div class=\"wp-block-uagb-container uagb-block-8de9c239 alignfull uagb-is-root-container\"><div class=\"uagb-container-inner-blocks-wrap\">\n<div class=\"wp-block-uagb-advanced-heading uagb-block-99148d6e\"><h1 class=\"uagb-heading-text\">CONTACT US<\/h1><\/div>\n<\/div><\/div>\n\n\n\n<div class=\"wp-block-uagb-tabs uagb-block-feb05b09 uagb-tabs__wrap uagb-tabs__hstyle1-desktop uagb-tabs__vstyle6-tablet uagb-tabs__stack1-mobile\" data-tab-active=\"0\"><ul class=\"uagb-tabs__panel uagb-tabs__align-left\" role=\"tablist\"><li class=\"uagb-tab uagb-tabs__active\" role=\"none\"><a href=\"#uagb-tabs__tab0\" class=\"uagb-tabs-list uagb-tabs__icon-position-left\" data-tab=\"0\" role=\"tab\"><strong>Instructa de AP<\/strong><\/a><\/li><li class=\"uagb-tab \" role=\"none\"><a href=\"#uagb-tabs__tab1\" class=\"uagb-tabs-list uagb-tabs__icon-position-left\" data-tab=\"1\" role=\"tab\"><strong>Nota de prueba<\/strong><\/a><\/li><li class=\"uagb-tab \" role=\"none\"><a href=\"#uagb-tabs__tab2\" class=\"uagb-tabs-list uagb-tabs__icon-position-left\" data-tab=\"2\" role=\"tab\"><strong>TEDR<\/strong><\/a><\/li><li class=\"uagb-tab \" role=\"none\"><a href=\"#uagb-tabs__tab3\" class=\"uagb-tabs-list uagb-tabs__icon-position-left\" data-tab=\"3\" role=\"tab\"><strong>Conclusiones escritas<\/strong><\/a><\/li><\/ul><div class=\"uagb-tabs__body-wrap\">\n<div class=\"wp-block-uagb-tabs-child uagb-tabs__body-container uagb-inner-tab-0\" aria-labelledby=\"uagb-tabs__tab0\">\n\n\n\n\n\n\n\n\n<p><strong>Instrucciones generales <\/strong><\/p>\n\n\n\n<pre><textarea>INSTRUCCIONES GENERALES\n\nRATIFICACI\u00d3N DE LOS ESCRITOS DE DEMANDA Y CONTESTACI\u00d3N.\n\nSOLICITUD DE IMPOSICI\u00d3N DE COSTAS POR DESISTIMIENTO DE CONTRARIO: Inmediatamente despu\u00e9s de que se confirme el desistimiento por la otra parte, es esencial solicitar al juez apoy\u00e1ndose en lo establecido por el art\u00edculo 396.1 de la LEC, la imposici\u00f3n a la parte desistente de las costas procesales.\n\nRECONVENCIONES EN CONTESTACIONES CONTRA CETELEM (DESDE AGOSTO DE 2023 NO SE INCLUYEN EN LAS CONTESTACIONES):\n\n\u2022 CU\u00c1NDO PROCEDE LA RECONVENCI\u00d3N: La reconvenci\u00f3n s\u00f3lo es aplicable en los casos en los que la parte contraria solicita que se declare usura y, por ende, la nulidad del contrato existente.\n\n\u2022ARGUMENTOS COMUNES DE OPOSICI\u00d3N: La parte contraria suele oponerse a la reconvenci\u00f3n, argumentando que esta no procede en todos los casos. Sostienen que el contrato es v\u00e1lido y que est\u00e1 vigente, por lo que no es posible solicitar un vencimiento anticipado del mismo.] \n\n\u2022NUESTRA ARGUMENTACI\u00d3N Criterio para la Reconvenci\u00f3n: Nosotros sostenemos que la reconvenci\u00f3n es pertinente exclusivamente cuando se estime que ha habido usura y, como resultado, se declare la nulidad del contrato.\n\n\u2022 EN CASO DE NULIDAD: Si el contrato se declara nulo por usura, la parte contraria estar\u00eda en la obligaci\u00f3n de devolvernos el principal que no ha sido abonado hasta el momento.\n\nEXAMEN Y RESOLUCI\u00d3N DE CUESTIONES PROCESALES. \n\n\u2022 SI SE DISCUTE LA LEGITIMACI\u00d3N ACTIVA O PASIVA COMO CUESTI\u00d3N PROCESAL: La legitimaci\u00f3n proviene de la relaci\u00f3n del sujeto del proceso con el derecho material que se ejercita en \u00e9l. De ah\u00ed que se trate de una cuesti\u00f3n que afecta al fondo del asunto debatido en el juicio y traspase la frontera de las condiciones procesales para actuar en \u00e9l.\n\n\u2022 LA PRESCRIPCI\u00d3N no se enumera en el numerus clausus del art. 416 LEC por lo que no se trata de una cuesti\u00f3n procesal que deba resolverse en este momento, sino que se trata de una cuesti\u00f3n de fondo que debe fijarse como hecho controvertido\n\nPOSICI\u00d3N DE LAS PARTES ANTE LOS DOCUMENTOS PRESENTADOS.\n\nAnte la eventual IMPUGNACI\u00d3N A LA DOCUMENTACI\u00d3N POR FALTA DE FIRMA EN TODAS SUS P\u00c1GINAS, SE ARGUMENTAR\u00c1 QUE (ajustar conforme al caso):\n\no Al firmar el contrato, el cliente suscribe (en la p\u00e1gina que s\u00ed firma) que ha sido debidamente informado sobre el contenido contractual y que ha recibido el contrato en su totalidad.\no No se requiere la firma en cada p\u00e1gina para formalizar el consentimiento, sino \u00fanicamente en las condiciones particulares (acentuar este punto en caso de que sea la p\u00e1gina firmada).\no Si el contrato no se hubiese formalizado \u2013 consumado adecuadamente, el cliente no habr\u00eda accedido al monto financiado.\no El cliente ha firmado el contrato de manera digital, lo que le ha permitido acceder y dar su consentimiento al documento completo.\n\nALEGACIONES COMPLEMENTARIAS Y ACLARATORIAS.\n\n\u2022SI SE DISCUTE LA NATURALEZA DEL CR\u00c9DITO ACLARAR QUE SE TRATA DE UN CR\u00c9DITO REVOLVING, no es un pr\u00e9stamo ni tampoco una l\u00ednea de cr\u00e9dito al uso y ello con independencia que tenga tarjeta asociada, as\u00ed evitamos que comparen su inter\u00e9s con otra columna que no sea la de tarjetas revolving. en la  tabla 19.4 del Banco de Espa\u00f1a.  En todo caso, si se alega de contrario, incluir como hecho controvertido este extremo. \n\n\u2022 SI EL CONTRARIO ALEGA NUEVOS MOTIVOS DE OPOSICI\u00d3N MANIFESTAR QUE: En base al principio de buena fe, y el de preclusi\u00f3n de los actos procesales previsto en el art\u00edculo 136 de la LEC, as\u00ed como en base al derecho de defensa no es posible en los procedimientos derivados de un procedimiento monitorio anterior, ya sean verbales u ordinarios, que el demandado alegue motivos de oposici\u00f3n que no se encuentren en su escrito de contestaci\u00f3n.\n\n Entendemos que, en caso de admitirse tales alegaciones, se vulnerar\u00eda el sentido de los art\u00edculos 405 y siguientes de la LEC y la propia funcionalidad de la audiencia previa, produci\u00e9ndose una situaci\u00f3n de indefensi\u00f3n a mi representada.\n\nFIJACI\u00d3N DE HECHOS CONTROVERTIDOS.\n\n\u2022 CUANDO NO SE HAYA APORTADO EL CONTRATO POR NINGUNA DE LAS PARTES incluir como hecho controvertido la fecha del contrato, el TAE del contrato y el TAE de referencia de Banco de Espa\u00f1a.\n\n\u2022ESTRATEGIA SI EL DEMANDANTE OMITE HECHOS QUE NOS BENEFICIAN Actuar con Discreci\u00f3n: Si el demandante, que es el primero en responder en la fase de fijaci\u00f3n de hechos controvertidos, omite incluir alg\u00fan hecho que podr\u00eda beneficiarnos, la instrucci\u00f3n es no destacar ni mencionar dicha omisi\u00f3n. La omisi\u00f3n por parte del demandante de hechos que nos son favorables podr\u00eda ser una ventaja estrat\u00e9gica para nosotros. Al no llamar la atenci\u00f3n sobre esta omisi\u00f3n, mantenemos una posici\u00f3n m\u00e1s fuerte para argumentar en etapas posteriores del proceso judicial. DEJAR ANOTADA LA OMISI\u00d3N EN EL REPORTE DE AUDIENCIA PREVIA PARA QUE EN CONCLUSIONES O EN FASE DE JUICIO ORAL SE PUEDA HACER ALUSI\u00d3N A DICHA OMISI\u00d3N.\n\n\n\nPROPOSICI\u00d3N DE PRUEBA.\n\n\u2022TODA PRUEBA QUE NO SEA FAVORABLE A NUESTROS INTERESES ES IMPORTANTE: QUE SE RECURRA LA ADMISI\u00d3N O INADMISI\u00d3N PROBATORIA en reposici\u00f3n de conformidad con el art\u00edculo 285 de la LEC por infracci\u00f3n de los art\u00edculos 281 y 283 de la LEC por tratarse de pruebas impertinentes e in\u00fatiles\n\n  \u2022 Y, si se DESESTIMA EL RECURSO DE REPOSICI\u00d3N FORMULAR PROTESTA de conformidad con el art\u00edculo 285.2 LEC.\n\nRECURSOS.\n\nSI EL CONTRARIO APORTA NUEVA DOCUMENTAL ver fecha y relevancia del documento. Nos oponemos de la siguiente forma: esta parte se opone a la prueba documental propuesta de adverso, de conformidad a los art\u00edculos 265 y 269 de la LEC (extempor\u00e1neo), al entender que son documentos que perfectamente pudieron aportarse con el escrito de la demanda, y la dejadez por parte de la demandada, han supuesto su no presentaci\u00f3n por lo que esta prueba provocar\u00eda indefensi\u00f3n en esta parte, al no poder preparar la audiencia previa teniendo en cuenta los mismos.\n\n\u2022CASO ESPECIAL: APORTACI\u00d3N DE ADVERSO DE LA VIDA LABORAL: Razones para Impugnaci\u00f3n: \n\n- EXTEMPORANEIDAD: La aportaci\u00f3n de la vida laboral se presenta fuera del plazo correspondiente para la presentaci\u00f3n de pruebas. Es, por tanto, extempor\u00e1nea y debe ser rechazada. \n\n- IRRELEVANCIA PARA DETERMINAR LA CONDICI\u00d3N DE CONSUMIDOR: El documento de la vida laboral no es suficiente para justificar que el demandante es un consumidor. Si el demandante intentara utilizar este documento para establecer su condici\u00f3n de consumidor, deber\u00eda haberlo incluido en el escrito de demanda inicial. La condici\u00f3n de consumidor es un elemento que debe ser justificado por el demandante desde el inicio del proceso y no es algo que se presuma. \n\n- JUSTIFICACI\u00d3N INADECUADA PARA APORTACI\u00d3N TARD\u00cdA: Si el demandante pretende utilizar la vida laboral para justificar cualquier otro extremo, deber\u00e1 explicar espec\u00edficamente por qu\u00e9 est\u00e1 introduciendo este nuevo documento de manera extempor\u00e1nea. Adem\u00e1s, deber\u00e1 aclarar por qu\u00e9 no aport\u00f3 este documento en el momento de la contrataci\u00f3n, que es el hecho objeto de controversia y que ocurri\u00f3 hace a\u00f1os. \n\n\u2022SI LA ADVERSA NOS REQUIERE ALGUNA DOCUMENTAL, nos oponemos a la documental solicitada de adverso en virtud del art\u00edculo 281 y 283 de la LEC, entendiendo que esta parte ya ha aportado el certificado con el desglose de toda la vida del pr\u00e9stamo, en el que se puede ver las disposiciones realizadas, el tipo de inter\u00e9s aplicado, gastos y comisiones aplicadas. Nos oponemos tambi\u00e9n al entender que dicha documental la tendr\u00eda que haber aportado la propia actora, que es la que inicia el procedimiento de reclamaci\u00f3n, y la que tiene la carga de probar los hechos que manifiesta en su escrito, documentos en los que basa su demanda y que tendr\u00edan que estar en su poder, dado que el contrato y los extractos mensuales se env\u00edan al domicilio facilitado por el cliente.\n\n\u2022CASO ESPECIAL: PROTOCOLOS BANCARIOS: nos oponemos en el sentido que la existencia de los protocolos no prueba que el contratante tuviera conocimiento efectivo de la carga econ\u00f3mica del producto contratado, entiende esta parte que el clausulado del contrato es suficiente para determinar si la adversa ten\u00eda o no el conocimiento sobre lo firmado por lo que la prueba es totalmente impertinente e in\u00fatil conforme al art\u00edculo 281 y 283 de la LEC.\n\n\u2022SI LA PARTE CONTRARIA PROPONE INTERROGATORIO DE LA DEMANDADA\/TESTIGOS esta parte se opone, de conformidad con los art\u00edculos 281 y 283 de la LEC por entender que se trata de una prueba impertinente e in\u00fatil por cuanto nada puede manifestar mi representada\/el testigo propuesto que permita esclarecer los hechos aqu\u00ed enjuiciados, pues entendemos se trata de una cuesti\u00f3n jur\u00eddica. En el caso del representante legal es evidente que no intervino en la contrataci\u00f3n y, que con toda seguridad acudir\u00e1 una persona con poderes de representaci\u00f3n que nada conoce sobre los presentes hechos por lo que ser\u00e1 totalmente in\u00fatil.\n\n \u2022CASO ESPECIAL: TESTIFICAL DEL COMERCIAL: entendemos que dicha prueba es totalmente in\u00fatil e impertinente, principalmente porque la contrataci\u00f3n se realiza de manera telef\u00f3nica, e interviene m\u00e1s de un comercial en la contrataci\u00f3n, por lo que dif\u00edcilmente puedan contestar a unas preguntas concretas sobre el cr\u00e9dito objeto de reclamaci\u00f3n en este procedimiento, y lo \u00fanico que podr\u00edan aclarar es el m\u00e9todo de contrataci\u00f3n que como hemos indicado es v\u00eda web y telef\u00f3nica. Adem\u00e1s, dado el tiempo transcurrido desde la contrataci\u00f3n, no ser\u00e1 capaz de contestar con precisi\u00f3n por lo que, de nuevo, se trata de una prueba in\u00fatil.\n\n \u2022SI SE DENIEGA ALGUNA PRUEBA NUESTRA, recurrir en reposici\u00f3n al amparo de lo dispuesto en el art\u00edculo 285.2 de la LEC al entender infringido por inadmisi\u00f3n probatoria el art\u00edculo 281.1 de la LEC y estimar que la prueba denegada tiene como objeto los hechos que guardan relaci\u00f3n con la tutela judicial que se pretende obtener en este procedimiento, en aras al principio de defensa y utilizaci\u00f3n de medios de prueba pertinentes para la defensa, establecido por el art\u00edculo 24.1 y 24.2 CE.  \n<\/textarea>\n<\/div>\n\n\n\n<div class=\"wp-block-uagb-tabs-child uagb-tabs__body-container uagb-inner-tab-1\" aria-labelledby=\"uagb-tabs__tab1\">\n\n<\/div>\n\n\n\n<div class=\"wp-block-uagb-tabs-child uagb-tabs__body-container uagb-inner-tab-2\" aria-labelledby=\"uagb-tabs__tab2\">\n\n<\/div>\n\n\n\n<div class=\"wp-block-uagb-tabs-child uagb-tabs__body-container uagb-inner-tab-3\" aria-labelledby=\"uagb-tabs__tab3\">\n\n<\/div>\n<\/div><\/div>\n\n\n\n<div class=\"wp-block-uagb-container uagb-block-78f4c1c5 alignfull uagb-is-root-container\"><div class=\"uagb-container-inner-blocks-wrap\">\n<div class=\"wp-block-uagb-container uagb-block-19ae1af4\">\n<div class=\"wp-block-uagb-advanced-heading uagb-block-0fcdf4d0\"><h2 class=\"uagb-heading-text\">Get In Touch<\/h2><\/div>\n\n\n\n<div class=\"wp-block-uagb-container uagb-block-de7bd3b5\"><\/div>\n<\/div>\n\n\n\n<div class=\"wp-block-uagb-container uagb-block-78023e99\">\n<div class=\"wp-block-uagb-advanced-heading uagb-block-63173754\"><h2 class=\"uagb-heading-text\">Talk To Us<\/h2><\/div>\n\n\n\n<div class=\"wp-block-uagb-info-box uagb-block-9869fa4c uagb-infobox__content-wrap  uagb-infobox-icon-left-title uagb-infobox-left uagb-infobox-image-valign-top\"><div class=\"uagb-ifb-content\"><div class=\"uagb-ifb-left-title-image\"><div class=\"uagb-ifb-image-content\"><img decoding=\"async\" src=\"https:\/\/websitedemos.net\/earth-08\/wp-content\/uploads\/sites\/1130\/2022\/10\/svgexport-11.svg\" alt=\"\" width=\"42\" height=\"42\" loading=\"lazy\"\/><\/div><div class=\"uagb-ifb-title-wrap\"><h6 class=\"uagb-ifb-title\">EMAIL<\/h6><\/div><\/div><p class=\"uagb-ifb-desc\">something@tyler.com<\/p><\/div><\/div>\n\n\n\n<div class=\"wp-block-uagb-info-box uagb-block-ac7d2af3 uagb-infobox__content-wrap  uagb-infobox-icon-left-title uagb-infobox-left uagb-infobox-image-valign-top\"><div class=\"uagb-ifb-content\"><div class=\"uagb-ifb-left-title-image\"><div class=\"uagb-ifb-image-content\"><img decoding=\"async\" src=\"https:\/\/websitedemos.net\/earth-08\/wp-content\/uploads\/sites\/1130\/2022\/10\/svgexport-12.svg\" alt=\"\" width=\"42\" height=\"42\" loading=\"lazy\"\/><\/div><div class=\"uagb-ifb-title-wrap\"><h6 class=\"uagb-ifb-title\">PHONE NUMBER<\/h6><\/div><\/div><p class=\"uagb-ifb-desc\">202-555-0188<\/p><\/div><\/div>\n\n\n\n<div class=\"wp-block-uagb-info-box uagb-block-05235c59 uagb-infobox__content-wrap  uagb-infobox-icon-left-title uagb-infobox-left uagb-infobox-image-valign-top\"><div class=\"uagb-ifb-content\"><div class=\"uagb-ifb-left-title-image\"><div class=\"uagb-ifb-image-content\"><img decoding=\"async\" src=\"https:\/\/websitedemos.net\/earth-08\/wp-content\/uploads\/sites\/1130\/2022\/10\/svgexport-13.svg\" alt=\"\" width=\"42\" height=\"42\" loading=\"lazy\"\/><\/div><div class=\"uagb-ifb-title-wrap\"><h6 class=\"uagb-ifb-title\">ADDRESS<\/h6><\/div><\/div><p class=\"uagb-ifb-desc\">2727 Ocean Road,<br>Malibu, CA, 90264<\/p><\/div><\/div>\n\n\n\n<div class=\"wp-block-uagb-container uagb-block-76570e3e\">\n<div class=\"wp-block-uagb-advanced-heading uagb-block-bc2e6625\"><h5 class=\"uagb-heading-text\">Follow Us:<\/h5><\/div>\n\n\n\n<div class=\"wp-block-uagb-container uagb-block-013f066a\">\n<div class=\"wp-block-uagb-social-share uagb-social-share__outer-wrap uagb-social-share__layout-horizontal uagb-block-8b6ca1d4\">\n<div class=\"wp-block-uagb-social-share-child uagb-ss-repeater uagb-ss__wrapper uagb-block-d97e47f9\"><span class=\"uagb-ss__link\" data-href=\"https:\/\/www.facebook.com\/sharer.php?u=\" tabindex=\"0\" role=\"button\" aria-label=\"facebook\"><span class=\"uagb-ss__source-wrap\"><img decoding=\"async\" class=\"uagb-ss__source-image\" src=\"https:\/\/websitedemos.net\/earth-08\/wp-content\/uploads\/sites\/1130\/2022\/10\/Group-18020.svg\" alt=\"\" width=\"40\" height=\"40\" loading=\"lazy\"\/><\/span><\/span><\/div>\n\n\n\n<div class=\"wp-block-uagb-social-share-child uagb-ss-repeater uagb-ss__wrapper uagb-block-ffa985e8\"><span class=\"uagb-ss__link\" data-href=\"https:\/\/twitter.com\/share?url=\" tabindex=\"0\" role=\"button\" aria-label=\"twitter\"><span class=\"uagb-ss__source-wrap\"><img decoding=\"async\" class=\"uagb-ss__source-image\" src=\"https:\/\/websitedemos.net\/earth-08\/wp-content\/uploads\/sites\/1130\/2022\/10\/Group-18021.svg\" alt=\"\" width=\"40\" height=\"40\" loading=\"lazy\"\/><\/span><\/span><\/div>\n\n\n\n<div class=\"wp-block-uagb-social-share-child uagb-ss-repeater uagb-ss__wrapper uagb-block-4dcffb04\"><span class=\"uagb-ss__link\" data-href=\"https:\/\/pinterest.com\/pin\/create\/link\/?url=\" tabindex=\"0\" role=\"button\" aria-label=\"pinterest\"><span class=\"uagb-ss__source-wrap\"><img decoding=\"async\" class=\"uagb-ss__source-image\" src=\"https:\/\/websitedemos.net\/earth-08\/wp-content\/uploads\/sites\/1130\/2022\/10\/Group-18022.svg\" alt=\"\" width=\"40\" height=\"40\" loading=\"lazy\"\/><\/span><\/span><\/div>\n\n\n\n<div class=\"wp-block-uagb-social-share-child uagb-ss-repeater uagb-ss__wrapper uagb-block-6a854751\"><span class=\"uagb-ss__link\" data-href=\"https:\/\/www.linkedin.com\/shareArticle?url=\" tabindex=\"0\" role=\"button\" aria-label=\"linkedin\"><span class=\"uagb-ss__source-wrap\"><img decoding=\"async\" class=\"uagb-ss__source-image\" src=\"https:\/\/websitedemos.net\/earth-08\/wp-content\/uploads\/sites\/1130\/2022\/10\/Group-18023.svg\" alt=\"\" width=\"40\" height=\"40\" loading=\"lazy\"\/><\/span><\/span><\/div>\n<\/div>\n<\/div>\n<\/div>\n<\/div>\n<\/div><\/div>\n","protected":false},"excerpt":{"rendered":"<p>CONTACT US Get In Touch Talk To Us Follow Us:<\/p>\n","protected":false},"author":1,"featured_media":0,"parent":0,"menu_order":0,"comment_status":"closed","ping_status":"closed","template":"","meta":{"_uag_custom_page_level_css":"","site-sidebar-layout":"default","site-content-layout":"","ast-site-content-layout":"default","site-content-style":"default","site-sidebar-style":"default","ast-global-header-display":"","ast-banner-title-visibility":"","ast-main-header-display":"","ast-hfb-above-header-display":"","ast-hfb-below-header-display":"","ast-hfb-mobile-header-display":"","site-post-title":"","ast-breadcrumbs-content":"","ast-featured-img":"","footer-sml-layout":"","ast-disable-related-posts":"","theme-transparent-header-meta":"","adv-header-id-meta":"","stick-header-meta":"","header-above-stick-meta":"","header-main-stick-meta":"","header-below-stick-meta":"","astra-migrate-meta-layouts":"set","ast-page-background-enabled":"default","ast-page-background-meta":{"desktop":{"background-color":"var(--ast-global-color-4)","background-image":"","background-repeat":"repeat","background-position":"center center","background-size":"auto","background-attachment":"scroll","background-type":"","background-media":"","overlay-type":"","overlay-color":"","overlay-opacity":"","overlay-gradient":""},"tablet":{"background-color":"","background-image":"","background-repeat":"repeat","background-position":"center center","background-size":"auto","background-attachment":"scroll","background-type":"","background-media":"","overlay-type":"","overlay-color":"","overlay-opacity":"","overlay-gradient":""},"mobile":{"background-color":"","background-image":"","background-repeat":"repeat","background-position":"center center","background-size":"auto","background-attachment":"scroll","background-type":"","background-media":"","overlay-type":"","overlay-color":"","overlay-opacity":"","overlay-gradient":""}},"ast-content-background-meta":{"desktop":{"background-color":"var(--ast-global-color-5)","background-image":"","background-repeat":"repeat","background-position":"center center","background-size":"auto","background-attachment":"scroll","background-type":"","background-media":"","overlay-type":"","overlay-color":"","overlay-opacity":"","overlay-gradient":""},"tablet":{"background-color":"var(--ast-global-color-5)","background-image":"","background-repeat":"repeat","background-position":"center center","background-size":"auto","background-attachment":"scroll","background-type":"","background-media":"","overlay-type":"","overlay-color":"","overlay-opacity":"","overlay-gradient":""},"mobile":{"background-color":"var(--ast-global-color-5)","background-image":"","background-repeat":"repeat","background-position":"center center","background-size":"auto","background-attachment":"scroll","background-type":"","background-media":"","overlay-type":"","overlay-color":"","overlay-opacity":"","overlay-gradient":""}},"footnotes":""},"class_list":["post-213693","page","type-page","status-publish","hentry"],"uagb_featured_image_src":{"full":false,"thumbnail":false,"medium":false,"medium_large":false,"large":false,"1536x1536":false,"2048x2048":false},"uagb_author_info":{"display_name":"Calypso","author_link":"https:\/\/calypsolegal.com\/index.php\/author\/calypso\/"},"uagb_comment_info":0,"uagb_excerpt":"CONTACT US Get In Touch Talk To Us Follow Us:","_links":{"self":[{"href":"https:\/\/calypsolegal.com\/index.php\/wp-json\/wp\/v2\/pages\/213693","targetHints":{"allow":["GET"]}}],"collection":[{"href":"https:\/\/calypsolegal.com\/index.php\/wp-json\/wp\/v2\/pages"}],"about":[{"href":"https:\/\/calypsolegal.com\/index.php\/wp-json\/wp\/v2\/types\/page"}],"author":[{"embeddable":true,"href":"https:\/\/calypsolegal.com\/index.php\/wp-json\/wp\/v2\/users\/1"}],"replies":[{"embeddable":true,"href":"https:\/\/calypsolegal.com\/index.php\/wp-json\/wp\/v2\/comments?post=213693"}],"version-history":[{"count":61,"href":"https:\/\/calypsolegal.com\/index.php\/wp-json\/wp\/v2\/pages\/213693\/revisions"}],"predecessor-version":[{"id":214509,"href":"https:\/\/calypsolegal.com\/index.php\/wp-json\/wp\/v2\/pages\/213693\/revisions\/214509"}],"wp:attachment":[{"href":"https:\/\/calypsolegal.com\/index.php\/wp-json\/wp\/v2\/media?parent=213693"}],"curies":[{"name":"wp","href":"https:\/\/api.w.org\/{rel}","templated":true}]}}